{"id":3780,"date":"2025-06-10T10:57:41","date_gmt":"2025-06-10T13:57:41","guid":{"rendered":"https:\/\/slategrey-lark-685913.hostingersite.com\/?post_type=product&#038;p=3780"},"modified":"2025-06-10T10:57:41","modified_gmt":"2025-06-10T13:57:41","slug":"panal-pampers-deluxe-protection-xxg-x72","status":"publish","type":"product","link":"https:\/\/tiendapet.com.ar\/sdawana\/product\/panal-pampers-deluxe-protection-xxg-x72\/","title":{"rendered":"Pa\u00f1al pampers deluxe protection xxg x72"},"content":{"rendered":"<ul class=\"ui-vpp-highlighted-specs__features-list\">\n<li class=\"ui-vpp-highlighted-specs__features-list-item ui-pdp-color--BLACK ui-pdp-size--XSMALL ui-pdp-family--REGULAR\">G\u00e9nero: Sin g\u00e9nero<\/li>\n<li class=\"ui-vpp-highlighted-specs__features-list-item ui-pdp-color--BLACK ui-pdp-size--XSMALL ui-pdp-family--REGULAR\">Unidades por envase: 68<\/li>\n<li class=\"ui-vpp-highlighted-specs__features-list-item ui-pdp-color--BLACK ui-pdp-size--XSMALL ui-pdp-family--REGULAR\">Tama\u00f1o: Mediano (M)<\/li>\n<li class=\"ui-vpp-highlighted-specs__features-list-item ui-pdp-color--BLACK ui-pdp-size--XSMALL ui-pdp-family--REGULAR\">Talle mediano (M).<\/li>\n<li class=\"ui-vpp-highlighted-specs__features-list-item ui-pdp-color--BLACK ui-pdp-size--XSMALL ui-pdp-family--REGULAR\">Su cubierta es suave y protege a la piel de posibles alergias.<\/li>\n<li class=\"ui-vpp-highlighted-specs__features-list-item ui-pdp-color--BLACK ui-pdp-size--XSMALL ui-pdp-family--REGULAR\">Con gel superabsorbente.<\/li>\n<li class=\"ui-vpp-highlighted-specs__features-list-item ui-pdp-color--BLACK ui-pdp-size--XSMALL ui-pdp-family--REGULAR\">Cintura elastizada para mayor comodidad.<\/li>\n<li class=\"ui-vpp-highlighted-specs__features-list-item ui-pdp-color--BLACK ui-pdp-size--XSMALL ui-pdp-family--REGULAR\">Cuenta con barreras reforzadas que previenen derrames.<\/li>\n<li class=\"ui-vpp-highlighted-specs__features-list-item ui-pdp-color--BLACK ui-pdp-size--XSMALL ui-pdp-family--REGULAR\">Producto hipoalerg\u00e9nico.<\/li>\n<li class=\"ui-vpp-highlighted-specs__features-list-item ui-pdp-color--BLACK ui-pdp-size--XSMALL ui-pdp-family--REGULAR\">Libre de parabenos.<\/li>\n<\/ul>\n","protected":false},"excerpt":{"rendered":"<p>G\u00e9nero: Sin g\u00e9nero Unidades por envase: 68 Tama\u00f1o: Mediano (M) Talle mediano (M). Su cubierta es suave y protege a la piel de posibles alergias. Con gel superabsorbente. Cintura elastizada para mayor comodidad. Cuenta con barreras reforzadas que previenen derrames. Producto hipoalerg\u00e9nico. Libre de parabenos.<\/p>\n","protected":false},"featured_media":3781,"template":"","meta":{"_acf_changed":false},"product_brand":[],"product_cat":[55],"product_tag":[],"class_list":{"0":"post-3780","1":"product","2":"type-product","3":"status-publish","4":"has-post-thumbnail","6":"product_cat-panales","8":"first","9":"instock","10":"sale","11":"shipping-taxable","12":"purchasable","13":"product-type-simple"},"acf":[],"_links":{"self":[{"href":"https:\/\/tiendapet.com.ar\/sdawana\/wp-json\/wp\/v2\/product\/3780","targetHints":{"allow":["GET"]}}],"collection":[{"href":"https:\/\/tiendapet.com.ar\/sdawana\/wp-json\/wp\/v2\/product"}],"about":[{"href":"https:\/\/tiendapet.com.ar\/sdawana\/wp-json\/wp\/v2\/types\/product"}],"wp:featuredmedia":[{"embeddable":true,"href":"https:\/\/tiendapet.com.ar\/sdawana\/wp-json\/wp\/v2\/media\/3781"}],"wp:attachment":[{"href":"https:\/\/tiendapet.com.ar\/sdawana\/wp-json\/wp\/v2\/media?parent=3780"}],"wp:term":[{"taxonomy":"product_brand","embeddable":true,"href":"https:\/\/tiendapet.com.ar\/sdawana\/wp-json\/wp\/v2\/product_brand?post=3780"},{"taxonomy":"product_cat","embeddable":true,"href":"https:\/\/tiendapet.com.ar\/sdawana\/wp-json\/wp\/v2\/product_cat?post=3780"},{"taxonomy":"product_tag","embeddable":true,"href":"https:\/\/tiendapet.com.ar\/sdawana\/wp-json\/wp\/v2\/product_tag?post=3780"}],"curies":[{"name":"wp","href":"https:\/\/api.w.org\/{rel}","templated":true}]}}