{"id":3991,"date":"2025-06-11T02:14:46","date_gmt":"2025-06-11T05:14:46","guid":{"rendered":"https:\/\/slategrey-lark-685913.hostingersite.com\/?post_type=product&#038;p=3991"},"modified":"2025-06-11T02:15:32","modified_gmt":"2025-06-11T05:15:32","slug":"chupete-alimentador-con-frutas-para-bebes-amarillo-talle-m","status":"publish","type":"product","link":"https:\/\/tiendapet.com.ar\/sdawana\/product\/chupete-alimentador-con-frutas-para-bebes-amarillo-talle-m\/","title":{"rendered":"chupete alimentador con frutas para bebes amarillo talle m"},"content":{"rendered":"<p>Dise\u00f1ado para explorar sabores desde una edad temprana, este innovador chupete brinda a los peque\u00f1os una introducci\u00f3n segura a las frutas frescas. Con un dise\u00f1o f\u00e1cil de limpiar y materiales ecol\u00f3gicos, es la elecci\u00f3n perfecta para padres conscientes. Deja que tu beb\u00e9 descubra el mundo de los sabores mientras disfruta de una alimentaci\u00f3n segura y placentera.<\/p>\n","protected":false},"excerpt":{"rendered":"<p>Dise\u00f1ado para explorar sabores desde una edad temprana, este innovador chupete brinda a los peque\u00f1os una introducci\u00f3n segura a las frutas frescas. Con un dise\u00f1o f\u00e1cil de limpiar y materiales ecol\u00f3gicos, es la elecci\u00f3n perfecta para padres conscientes. Deja que tu beb\u00e9 descubra el mundo de los sabores mientras disfruta de una alimentaci\u00f3n segura y [&hellip;]<\/p>\n","protected":false},"featured_media":3992,"template":"","meta":{"_acf_changed":false},"product_brand":[],"product_cat":[56],"product_tag":[],"class_list":{"0":"post-3991","1":"product","2":"type-product","3":"status-publish","4":"has-post-thumbnail","6":"product_cat-ninos","8":"first","9":"instock","10":"sale","11":"shipping-taxable","12":"purchasable","13":"product-type-simple"},"acf":[],"_links":{"self":[{"href":"https:\/\/tiendapet.com.ar\/sdawana\/wp-json\/wp\/v2\/product\/3991","targetHints":{"allow":["GET"]}}],"collection":[{"href":"https:\/\/tiendapet.com.ar\/sdawana\/wp-json\/wp\/v2\/product"}],"about":[{"href":"https:\/\/tiendapet.com.ar\/sdawana\/wp-json\/wp\/v2\/types\/product"}],"wp:featuredmedia":[{"embeddable":true,"href":"https:\/\/tiendapet.com.ar\/sdawana\/wp-json\/wp\/v2\/media\/3992"}],"wp:attachment":[{"href":"https:\/\/tiendapet.com.ar\/sdawana\/wp-json\/wp\/v2\/media?parent=3991"}],"wp:term":[{"taxonomy":"product_brand","embeddable":true,"href":"https:\/\/tiendapet.com.ar\/sdawana\/wp-json\/wp\/v2\/product_brand?post=3991"},{"taxonomy":"product_cat","embeddable":true,"href":"https:\/\/tiendapet.com.ar\/sdawana\/wp-json\/wp\/v2\/product_cat?post=3991"},{"taxonomy":"product_tag","embeddable":true,"href":"https:\/\/tiendapet.com.ar\/sdawana\/wp-json\/wp\/v2\/product_tag?post=3991"}],"curies":[{"name":"wp","href":"https:\/\/api.w.org\/{rel}","templated":true}]}}