{"id":3995,"date":"2025-06-11T02:16:47","date_gmt":"2025-06-11T05:16:47","guid":{"rendered":"https:\/\/slategrey-lark-685913.hostingersite.com\/?post_type=product&#038;p=3995"},"modified":"2025-06-11T02:16:47","modified_gmt":"2025-06-11T05:16:47","slug":"chupete-bibs-color-de-caucho-latex-libre-de-bpa-x1","status":"publish","type":"product","link":"https:\/\/tiendapet.com.ar\/sdawana\/product\/chupete-bibs-color-de-caucho-latex-libre-de-bpa-x1\/","title":{"rendered":"chupete bibs color de caucho latex libre de bpa x1"},"content":{"rendered":"<p>Chupete BIBS con tetina redonda de caucho<br \/>\nEs el chupete de moda, y sin duda uno de los m\u00e1s bonitos<br \/>\nDise\u00f1ado y fabricado en Dinamarca<\/p>\n<p>Un cl\u00e1sico de hace m\u00e1s de 40 a\u00f1os, totalmente libre de BPA, ftalatos, PVC y cualquier otra sustancia nociva para la salud.<\/p>\n","protected":false},"excerpt":{"rendered":"<p>Chupete BIBS con tetina redonda de caucho Es el chupete de moda, y sin duda uno de los m\u00e1s bonitos Dise\u00f1ado y fabricado en Dinamarca Un cl\u00e1sico de hace m\u00e1s de 40 a\u00f1os, totalmente libre de BPA, ftalatos, PVC y cualquier otra sustancia nociva para la salud.<\/p>\n","protected":false},"featured_media":3996,"template":"","meta":{"_acf_changed":false},"product_brand":[],"product_cat":[56],"product_tag":[],"class_list":{"0":"post-3995","1":"product","2":"type-product","3":"status-publish","4":"has-post-thumbnail","6":"product_cat-ninos","8":"first","9":"instock","10":"sale","11":"shipping-taxable","12":"purchasable","13":"product-type-simple"},"acf":[],"_links":{"self":[{"href":"https:\/\/tiendapet.com.ar\/sdawana\/wp-json\/wp\/v2\/product\/3995","targetHints":{"allow":["GET"]}}],"collection":[{"href":"https:\/\/tiendapet.com.ar\/sdawana\/wp-json\/wp\/v2\/product"}],"about":[{"href":"https:\/\/tiendapet.com.ar\/sdawana\/wp-json\/wp\/v2\/types\/product"}],"wp:featuredmedia":[{"embeddable":true,"href":"https:\/\/tiendapet.com.ar\/sdawana\/wp-json\/wp\/v2\/media\/3996"}],"wp:attachment":[{"href":"https:\/\/tiendapet.com.ar\/sdawana\/wp-json\/wp\/v2\/media?parent=3995"}],"wp:term":[{"taxonomy":"product_brand","embeddable":true,"href":"https:\/\/tiendapet.com.ar\/sdawana\/wp-json\/wp\/v2\/product_brand?post=3995"},{"taxonomy":"product_cat","embeddable":true,"href":"https:\/\/tiendapet.com.ar\/sdawana\/wp-json\/wp\/v2\/product_cat?post=3995"},{"taxonomy":"product_tag","embeddable":true,"href":"https:\/\/tiendapet.com.ar\/sdawana\/wp-json\/wp\/v2\/product_tag?post=3995"}],"curies":[{"name":"wp","href":"https:\/\/api.w.org\/{rel}","templated":true}]}}